{"id":15004,"date":"2024-01-04T19:46:53","date_gmt":"2024-01-04T19:46:53","guid":{"rendered":"https:\/\/sungarden.ee\/?post_type=product&#038;p=15004"},"modified":"2024-04-03T10:14:25","modified_gmt":"2024-04-03T10:14:25","slug":"scandic","status":"publish","type":"product","link":"https:\/\/sungarden.ee\/en\/product\/scandic\/","title":{"rendered":"Scandic"},"content":{"rendered":"<p class=\"p1\"><b>Material:<\/b> Pulbertsink aluskrundiga t\u00f6\u00f6deldud struktuurne liivatekstuuriga pulberv\u00e4rvitud teras v\u00e4rvikoodiga RAL 9005, immutatud ja \u00f5litatud oksavaba saarepuu. Viimistlus OSMO kaitsev puidu\u00f5li.<\/p>\n<p class=\"p2\"><b>Legs:\u00a0<\/b>Kinnitusavadega puidule, betoonankrule v\u00f5i asfaldile fikseerimiseks.<\/p>\n<p class=\"p2\"><span class=\"Apple-converted-space\"><b>Usage:\u00a0 <\/b>Siseruumides\/v\u00e4listingimustes.<\/span><\/p>\n<p class=\"p2\">Kauni v\u00e4limuse ja vastupidavuse s\u00e4ilitamiseks on vajalik istepingi puiduosa hooldus\u00f5litamine igal kevadel v\u00e4litingimustesse m\u00f5eldud UV-kaitse\u00f5liga. <strong><a href=\"https:\/\/sungarden.ee\/wp-content\/uploads\/2024\/01\/Toodete-hooldusjuhend-PDF.pdf\">Product maintenance manual PDF<\/a><\/strong><\/p>\n<p>Istepink tarnitakse valmiskujul ja on koheselt kasutamiseks valmis.<\/p>","protected":false},"excerpt":{"rendered":"<p>&nbsp;<\/p>\n<p>Eestis disainitud ja valmistatud istepink on esinduslik ja vastupidav mis on loodud sobituma meie keskkonda.<\/p>\n<p>Lihtsate ja puhaste joontega pink lisab koduaia terrassile v\u00f5i linnaruumi elegantsust ja funktsionaalsust.<\/p>\n<p>M\u00f5\u00f5dud (pikkus x laius x k\u00f5rgus) 1800x400x460mm<\/p>\n<p>Istepingi tootmist alustatakse peale tellimust: tarneaeg kuni 4 n\u00e4dalat.<\/p>\n<p>The price includes VAT.<\/p>","protected":false},"featured_media":15071,"template":"","meta":[],"product_brand":[],"product_cat":[70],"product_tag":[],"class_list":{"0":"post-15004","1":"product","2":"type-product","3":"status-publish","4":"has-post-thumbnail","6":"product_cat-istepingid","8":"first","9":"instock","10":"featured","11":"taxable","12":"shipping-taxable","13":"purchasable","14":"product-type-simple"},"yoast_head":"<!-- This site is optimized with the Yoast SEO plugin v27.3 - https:\/\/yoast.com\/product\/yoast-seo-wordpress\/ -->\n<title>Istepink Scandic<\/title>\n<meta name=\"description\" content=\"Eestis disainitud ja valmistatud istepink on elegantne ja vastupidav mis on loodud Eesti keskkonda. Lihtsa ja puhaste joontega pink lisab teie aeda, r\u00f5dule, terrassile v\u00e4rvi, funktsiooni ja kaasaegsust.\" \/>\n<meta name=\"robots\" content=\"index, follow, max-snippet:-1, max-image-preview:large, max-video-preview:-1\" \/>\n<link rel=\"canonical\" href=\"https:\/\/sungarden.ee\/en\/product\/scandic\/\" \/>\n<meta property=\"og:locale\" content=\"en_US\" \/>\n<meta property=\"og:type\" content=\"article\" \/>\n<meta property=\"og:title\" content=\"Istepink Scandic\" \/>\n<meta property=\"og:description\" content=\"Eestis disainitud ja valmistatud istepink on elegantne ja vastupidav mis on loodud Eesti keskkonda. Lihtsa ja puhaste joontega pink lisab teie aeda, r\u00f5dule, terrassile v\u00e4rvi, funktsiooni ja kaasaegsust.\" \/>\n<meta property=\"og:url\" content=\"https:\/\/sungarden.ee\/en\/product\/scandic\/\" \/>\n<meta property=\"og:site_name\" content=\"Sungarden taimekastid\" \/>\n<meta property=\"article:publisher\" content=\"https:\/\/www.facebook.com\/profile.php?id=100093259063716\" \/>\n<meta property=\"article:modified_time\" content=\"2024-04-03T10:14:25+00:00\" \/>\n<meta property=\"og:image\" content=\"https:\/\/sungarden.ee\/wp-content\/uploads\/2024\/01\/VARIANT-1-1-scaled.jpg\" \/>\n\t<meta property=\"og:image:width\" content=\"2560\" \/>\n\t<meta property=\"og:image:height\" content=\"1440\" \/>\n\t<meta property=\"og:image:type\" content=\"image\/jpeg\" \/>\n<meta name=\"twitter:card\" content=\"summary_large_image\" \/>\n<meta name=\"twitter:label1\" content=\"Est. reading time\" \/>\n\t<meta name=\"twitter:data1\" content=\"1 minute\" \/>\n<script type=\"application\/ld+json\" class=\"yoast-schema-graph\">{\"@context\":\"https:\\\/\\\/schema.org\",\"@graph\":[{\"@type\":\"WebPage\",\"@id\":\"https:\\\/\\\/sungarden.ee\\\/toode\\\/scandic\\\/\",\"url\":\"https:\\\/\\\/sungarden.ee\\\/toode\\\/scandic\\\/\",\"name\":\"Istepink Scandic\",\"isPartOf\":{\"@id\":\"https:\\\/\\\/sungarden.ee\\\/#website\"},\"primaryImageOfPage\":{\"@id\":\"https:\\\/\\\/sungarden.ee\\\/toode\\\/scandic\\\/#primaryimage\"},\"image\":{\"@id\":\"https:\\\/\\\/sungarden.ee\\\/toode\\\/scandic\\\/#primaryimage\"},\"thumbnailUrl\":\"https:\\\/\\\/sungarden.ee\\\/wp-content\\\/uploads\\\/2024\\\/01\\\/VARIANT-1-1-scaled.jpg\",\"datePublished\":\"2024-01-04T19:46:53+00:00\",\"dateModified\":\"2024-04-03T10:14:25+00:00\",\"description\":\"Eestis disainitud ja valmistatud istepink on elegantne ja vastupidav mis on loodud Eesti keskkonda. Lihtsa ja puhaste joontega pink lisab teie aeda, r\u00f5dule, terrassile v\u00e4rvi, funktsiooni ja kaasaegsust.\",\"breadcrumb\":{\"@id\":\"https:\\\/\\\/sungarden.ee\\\/toode\\\/scandic\\\/#breadcrumb\"},\"inLanguage\":\"en-US\",\"potentialAction\":[{\"@type\":\"ReadAction\",\"target\":[\"https:\\\/\\\/sungarden.ee\\\/toode\\\/scandic\\\/\"]}]},{\"@type\":\"ImageObject\",\"inLanguage\":\"en-US\",\"@id\":\"https:\\\/\\\/sungarden.ee\\\/toode\\\/scandic\\\/#primaryimage\",\"url\":\"https:\\\/\\\/sungarden.ee\\\/wp-content\\\/uploads\\\/2024\\\/01\\\/VARIANT-1-1-scaled.jpg\",\"contentUrl\":\"https:\\\/\\\/sungarden.ee\\\/wp-content\\\/uploads\\\/2024\\\/01\\\/VARIANT-1-1-scaled.jpg\",\"width\":2560,\"height\":1440},{\"@type\":\"BreadcrumbList\",\"@id\":\"https:\\\/\\\/sungarden.ee\\\/toode\\\/scandic\\\/#breadcrumb\",\"itemListElement\":[{\"@type\":\"ListItem\",\"position\":1,\"name\":\"Home\",\"item\":\"https:\\\/\\\/sungarden.ee\\\/\"},{\"@type\":\"ListItem\",\"position\":2,\"name\":\"Contact 2\",\"item\":\"https:\\\/\\\/sungarden.ee\\\/contact-2\\\/\"},{\"@type\":\"ListItem\",\"position\":3,\"name\":\"Scandic\"}]},{\"@type\":\"WebSite\",\"@id\":\"https:\\\/\\\/sungarden.ee\\\/#website\",\"url\":\"https:\\\/\\\/sungarden.ee\\\/\",\"name\":\"Sungarden taimekastid\",\"description\":\"Disain ja vastupidavus!\",\"publisher\":{\"@id\":\"https:\\\/\\\/sungarden.ee\\\/#organization\"},\"potentialAction\":[{\"@type\":\"SearchAction\",\"target\":{\"@type\":\"EntryPoint\",\"urlTemplate\":\"https:\\\/\\\/sungarden.ee\\\/?s={search_term_string}\"},\"query-input\":{\"@type\":\"PropertyValueSpecification\",\"valueRequired\":true,\"valueName\":\"search_term_string\"}}],\"inLanguage\":\"en-US\"},{\"@type\":\"Organization\",\"@id\":\"https:\\\/\\\/sungarden.ee\\\/#organization\",\"name\":\"Sungarden taimekastid\",\"url\":\"https:\\\/\\\/sungarden.ee\\\/\",\"logo\":{\"@type\":\"ImageObject\",\"inLanguage\":\"en-US\",\"@id\":\"https:\\\/\\\/sungarden.ee\\\/#\\\/schema\\\/logo\\\/image\\\/\",\"url\":\"https:\\\/\\\/sungarden.ee\\\/wp-content\\\/uploads\\\/2023\\\/05\\\/sungarden@4x.png\",\"contentUrl\":\"https:\\\/\\\/sungarden.ee\\\/wp-content\\\/uploads\\\/2023\\\/05\\\/sungarden@4x.png\",\"width\":2508,\"height\":468,\"caption\":\"Sungarden taimekastid\"},\"image\":{\"@id\":\"https:\\\/\\\/sungarden.ee\\\/#\\\/schema\\\/logo\\\/image\\\/\"},\"sameAs\":[\"https:\\\/\\\/www.facebook.com\\\/profile.php?id=100093259063716\",\"https:\\\/\\\/www.instagram.com\\\/sungardendesign\\\/?hl=en\"]}]}<\/script>\n<!-- \/ Yoast SEO plugin. -->","yoast_head_json":{"title":"Istepink Scandic","description":"Eestis disainitud ja valmistatud istepink on elegantne ja vastupidav mis on loodud Eesti keskkonda. Lihtsa ja puhaste joontega pink lisab teie aeda, r\u00f5dule, terrassile v\u00e4rvi, funktsiooni ja kaasaegsust.","robots":{"index":"index","follow":"follow","max-snippet":"max-snippet:-1","max-image-preview":"max-image-preview:large","max-video-preview":"max-video-preview:-1"},"canonical":"https:\/\/sungarden.ee\/en\/product\/scandic\/","og_locale":"en_US","og_type":"article","og_title":"Istepink Scandic","og_description":"Eestis disainitud ja valmistatud istepink on elegantne ja vastupidav mis on loodud Eesti keskkonda. Lihtsa ja puhaste joontega pink lisab teie aeda, r\u00f5dule, terrassile v\u00e4rvi, funktsiooni ja kaasaegsust.","og_url":"https:\/\/sungarden.ee\/en\/product\/scandic\/","og_site_name":"Sungarden taimekastid","article_publisher":"https:\/\/www.facebook.com\/profile.php?id=100093259063716","article_modified_time":"2024-04-03T10:14:25+00:00","og_image":[{"width":2560,"height":1440,"url":"https:\/\/sungarden.ee\/wp-content\/uploads\/2024\/01\/VARIANT-1-1-scaled.jpg","type":"image\/jpeg"}],"twitter_card":"summary_large_image","twitter_misc":{"Est. reading time":"1 minute"},"schema":{"@context":"https:\/\/schema.org","@graph":[{"@type":"WebPage","@id":"https:\/\/sungarden.ee\/toode\/scandic\/","url":"https:\/\/sungarden.ee\/toode\/scandic\/","name":"Istepink Scandic","isPartOf":{"@id":"https:\/\/sungarden.ee\/#website"},"primaryImageOfPage":{"@id":"https:\/\/sungarden.ee\/toode\/scandic\/#primaryimage"},"image":{"@id":"https:\/\/sungarden.ee\/toode\/scandic\/#primaryimage"},"thumbnailUrl":"https:\/\/sungarden.ee\/wp-content\/uploads\/2024\/01\/VARIANT-1-1-scaled.jpg","datePublished":"2024-01-04T19:46:53+00:00","dateModified":"2024-04-03T10:14:25+00:00","description":"Eestis disainitud ja valmistatud istepink on elegantne ja vastupidav mis on loodud Eesti keskkonda. Lihtsa ja puhaste joontega pink lisab teie aeda, r\u00f5dule, terrassile v\u00e4rvi, funktsiooni ja kaasaegsust.","breadcrumb":{"@id":"https:\/\/sungarden.ee\/toode\/scandic\/#breadcrumb"},"inLanguage":"en-US","potentialAction":[{"@type":"ReadAction","target":["https:\/\/sungarden.ee\/toode\/scandic\/"]}]},{"@type":"ImageObject","inLanguage":"en-US","@id":"https:\/\/sungarden.ee\/toode\/scandic\/#primaryimage","url":"https:\/\/sungarden.ee\/wp-content\/uploads\/2024\/01\/VARIANT-1-1-scaled.jpg","contentUrl":"https:\/\/sungarden.ee\/wp-content\/uploads\/2024\/01\/VARIANT-1-1-scaled.jpg","width":2560,"height":1440},{"@type":"BreadcrumbList","@id":"https:\/\/sungarden.ee\/toode\/scandic\/#breadcrumb","itemListElement":[{"@type":"ListItem","position":1,"name":"Home","item":"https:\/\/sungarden.ee\/"},{"@type":"ListItem","position":2,"name":"Contact 2","item":"https:\/\/sungarden.ee\/contact-2\/"},{"@type":"ListItem","position":3,"name":"Scandic"}]},{"@type":"WebSite","@id":"https:\/\/sungarden.ee\/#website","url":"https:\/\/sungarden.ee\/","name":"Sungarden taimekastid","description":"Disain ja vastupidavus!","publisher":{"@id":"https:\/\/sungarden.ee\/#organization"},"potentialAction":[{"@type":"SearchAction","target":{"@type":"EntryPoint","urlTemplate":"https:\/\/sungarden.ee\/?s={search_term_string}"},"query-input":{"@type":"PropertyValueSpecification","valueRequired":true,"valueName":"search_term_string"}}],"inLanguage":"en-US"},{"@type":"Organization","@id":"https:\/\/sungarden.ee\/#organization","name":"Sungarden taimekastid","url":"https:\/\/sungarden.ee\/","logo":{"@type":"ImageObject","inLanguage":"en-US","@id":"https:\/\/sungarden.ee\/#\/schema\/logo\/image\/","url":"https:\/\/sungarden.ee\/wp-content\/uploads\/2023\/05\/sungarden@4x.png","contentUrl":"https:\/\/sungarden.ee\/wp-content\/uploads\/2023\/05\/sungarden@4x.png","width":2508,"height":468,"caption":"Sungarden taimekastid"},"image":{"@id":"https:\/\/sungarden.ee\/#\/schema\/logo\/image\/"},"sameAs":["https:\/\/www.facebook.com\/profile.php?id=100093259063716","https:\/\/www.instagram.com\/sungardendesign\/?hl=en"]}]}},"_links":{"self":[{"href":"https:\/\/sungarden.ee\/en\/wp-json\/wp\/v2\/product\/15004","targetHints":{"allow":["GET"]}}],"collection":[{"href":"https:\/\/sungarden.ee\/en\/wp-json\/wp\/v2\/product"}],"about":[{"href":"https:\/\/sungarden.ee\/en\/wp-json\/wp\/v2\/types\/product"}],"wp:featuredmedia":[{"embeddable":true,"href":"https:\/\/sungarden.ee\/en\/wp-json\/wp\/v2\/media\/15071"}],"wp:attachment":[{"href":"https:\/\/sungarden.ee\/en\/wp-json\/wp\/v2\/media?parent=15004"}],"wp:term":[{"taxonomy":"product_brand","embeddable":true,"href":"https:\/\/sungarden.ee\/en\/wp-json\/wp\/v2\/product_brand?post=15004"},{"taxonomy":"product_cat","embeddable":true,"href":"https:\/\/sungarden.ee\/en\/wp-json\/wp\/v2\/product_cat?post=15004"},{"taxonomy":"product_tag","embeddable":true,"href":"https:\/\/sungarden.ee\/en\/wp-json\/wp\/v2\/product_tag?post=15004"}],"curies":[{"name":"wp","href":"https:\/\/api.w.org\/{rel}","templated":true}]}}