{"id":14726,"date":"2023-06-04T19:34:13","date_gmt":"2023-06-04T19:34:13","guid":{"rendered":"https:\/\/sungarden.ee\/?post_type=product&#038;p=14726"},"modified":"2025-03-17T19:30:17","modified_gmt":"2025-03-17T19:30:17","slug":"taimekast-innovative","status":"publish","type":"product","link":"https:\/\/sungarden.ee\/en\/product\/taimekast-innovative\/","title":{"rendered":"Innovative"},"content":{"rendered":"<p class=\"p1\"><b>Material:<\/b> Structural powder-coated steel with sand texture treated with powder zinc primer, color code RAL 9005, impregnated and oiled branchless ashwood.<b><\/b><\/p>\n<p class=\"p1\"><b>Inner part:<\/b> Waterproof plywood, bottom hole for draining water. The depth of the inner part is 20 cm.<\/p>\n<p class=\"p2\"><b>Legs:<\/b> With adjustable height.<\/p>\n<p class=\"p2\"><span class=\"Apple-converted-space\"><b>Usage:\u00a0\u00a0<\/b>Indoor\/outdoor.<\/span><\/p>\n<p>It is possible to order in different sizes, we make changes according to your request.<\/p>\n<p class=\"p2\">In order to maintain a beautiful appearance and durability, maintenance oiling of the wooden part of the plant box is necessary every spring with UV protective oil intended for outdoor conditions.<\/p>\n<p class=\"p2\"><strong><a href=\"https:\/\/sungarden.ee\/wp-content\/uploads\/2024\/05\/Toodete-hooldusjuhend.pdf\">Product maintenance manual PDF<\/a><\/strong><\/p>\n<p>The plant box is delivered ready-made and is immediately ready for use.<\/p>","protected":false},"excerpt":{"rendered":"<p><a href=\"https:\/\/sungarden.ee\/wp-content\/uploads\/2024\/06\/20240607_130445-scaled.jpg\"><img loading=\"lazy\" decoding=\"async\" class=\"alignnone wp-image-15138\" src=\"https:\/\/sungarden.ee\/wp-content\/uploads\/2024\/06\/20240607_130445-1024x576.jpg\" alt=\"\" width=\"512\" height=\"288\" srcset=\"https:\/\/sungarden.ee\/wp-content\/uploads\/2024\/06\/20240607_130445-1024x576.jpg 1024w, https:\/\/sungarden.ee\/wp-content\/uploads\/2024\/06\/20240607_130445-768x432.jpg 768w, https:\/\/sungarden.ee\/wp-content\/uploads\/2024\/06\/20240607_130445-1536x864.jpg 1536w, https:\/\/sungarden.ee\/wp-content\/uploads\/2024\/06\/20240607_130445-2048x1152.jpg 2048w, https:\/\/sungarden.ee\/wp-content\/uploads\/2024\/06\/20240607_130445-1200x675.jpg 1200w\" sizes=\"auto, (max-width: 512px) 100vw, 512px\" \/><\/a><\/p>\n<p>The durable planter that decorates all living environments in a special way.<\/p>\n<p>The ideal plant box for growing all kinds of decorative plants, herbs and leafy vegetables.<\/p>\n<p>Plant box production starts after the order: delivery time up to 6 weeks.<\/p>\n<p>The price includes VAT.<\/p>","protected":false},"featured_media":14522,"template":"","meta":[],"product_brand":[],"product_cat":[65],"product_tag":[],"class_list":{"0":"post-14726","1":"product","2":"type-product","3":"status-publish","4":"has-post-thumbnail","6":"product_cat-taimekastid","8":"first","9":"instock","10":"featured","11":"taxable","12":"shipping-taxable","13":"purchasable","14":"product-type-variable","15":"has-default-attributes"},"yoast_head":"<!-- This site is optimized with the Yoast SEO plugin v27.3 - https:\/\/yoast.com\/product\/yoast-seo-wordpress\/ -->\n<title>Vastupidav taimekast &quot;Innovative&quot;<\/title>\n<meta name=\"description\" content=\"Vastupidav taimekast kaunistab k\u00f5iki elukeskkondi erilisel viisil. Ideaalne taimekast k\u00f5ikv\u00f5imalike dekoratiivtaimede, \u00fcrtide ja lehtk\u00f6\u00f6giviljade kasvatamiseks.\" \/>\n<meta name=\"robots\" content=\"index, follow, max-snippet:-1, max-image-preview:large, max-video-preview:-1\" \/>\n<link rel=\"canonical\" href=\"https:\/\/sungarden.ee\/en\/product\/taimekast-innovative\/\" \/>\n<meta property=\"og:locale\" content=\"en_US\" \/>\n<meta property=\"og:type\" content=\"article\" \/>\n<meta property=\"og:title\" content=\"Vastupidav taimekast &quot;Innovative&quot;\" \/>\n<meta property=\"og:description\" content=\"Vastupidav taimekast kaunistab k\u00f5iki elukeskkondi erilisel viisil. Ideaalne taimekast k\u00f5ikv\u00f5imalike dekoratiivtaimede, \u00fcrtide ja lehtk\u00f6\u00f6giviljade kasvatamiseks.\" \/>\n<meta property=\"og:url\" content=\"https:\/\/sungarden.ee\/en\/product\/taimekast-innovative\/\" \/>\n<meta property=\"og:site_name\" content=\"Sungarden taimekastid\" \/>\n<meta property=\"article:publisher\" content=\"https:\/\/www.facebook.com\/profile.php?id=100093259063716\" \/>\n<meta property=\"article:modified_time\" content=\"2025-03-17T19:30:17+00:00\" \/>\n<meta property=\"og:image\" content=\"https:\/\/sungarden.ee\/wp-content\/uploads\/2023\/05\/Suur-scaled.jpg\" \/>\n\t<meta property=\"og:image:width\" content=\"2560\" \/>\n\t<meta property=\"og:image:height\" content=\"1440\" \/>\n\t<meta property=\"og:image:type\" content=\"image\/jpeg\" \/>\n<meta name=\"twitter:card\" content=\"summary_large_image\" \/>\n<meta name=\"twitter:label1\" content=\"Est. reading time\" \/>\n\t<meta name=\"twitter:data1\" content=\"1 minute\" \/>\n<script type=\"application\/ld+json\" class=\"yoast-schema-graph\">{\"@context\":\"https:\\\/\\\/schema.org\",\"@graph\":[{\"@type\":\"WebPage\",\"@id\":\"https:\\\/\\\/sungarden.ee\\\/toode\\\/taimekast-innovative\\\/\",\"url\":\"https:\\\/\\\/sungarden.ee\\\/toode\\\/taimekast-innovative\\\/\",\"name\":\"Vastupidav taimekast \\\"Innovative\\\"\",\"isPartOf\":{\"@id\":\"https:\\\/\\\/sungarden.ee\\\/#website\"},\"primaryImageOfPage\":{\"@id\":\"https:\\\/\\\/sungarden.ee\\\/toode\\\/taimekast-innovative\\\/#primaryimage\"},\"image\":{\"@id\":\"https:\\\/\\\/sungarden.ee\\\/toode\\\/taimekast-innovative\\\/#primaryimage\"},\"thumbnailUrl\":\"https:\\\/\\\/sungarden.ee\\\/wp-content\\\/uploads\\\/2023\\\/05\\\/Suur-scaled.jpg\",\"datePublished\":\"2023-06-04T19:34:13+00:00\",\"dateModified\":\"2025-03-17T19:30:17+00:00\",\"description\":\"Vastupidav taimekast kaunistab k\u00f5iki elukeskkondi erilisel viisil. Ideaalne taimekast k\u00f5ikv\u00f5imalike dekoratiivtaimede, \u00fcrtide ja lehtk\u00f6\u00f6giviljade kasvatamiseks.\",\"breadcrumb\":{\"@id\":\"https:\\\/\\\/sungarden.ee\\\/toode\\\/taimekast-innovative\\\/#breadcrumb\"},\"inLanguage\":\"en-US\",\"potentialAction\":[{\"@type\":\"ReadAction\",\"target\":[\"https:\\\/\\\/sungarden.ee\\\/toode\\\/taimekast-innovative\\\/\"]}]},{\"@type\":\"ImageObject\",\"inLanguage\":\"en-US\",\"@id\":\"https:\\\/\\\/sungarden.ee\\\/toode\\\/taimekast-innovative\\\/#primaryimage\",\"url\":\"https:\\\/\\\/sungarden.ee\\\/wp-content\\\/uploads\\\/2023\\\/05\\\/Suur-scaled.jpg\",\"contentUrl\":\"https:\\\/\\\/sungarden.ee\\\/wp-content\\\/uploads\\\/2023\\\/05\\\/Suur-scaled.jpg\",\"width\":2560,\"height\":1440},{\"@type\":\"BreadcrumbList\",\"@id\":\"https:\\\/\\\/sungarden.ee\\\/toode\\\/taimekast-innovative\\\/#breadcrumb\",\"itemListElement\":[{\"@type\":\"ListItem\",\"position\":1,\"name\":\"Home\",\"item\":\"https:\\\/\\\/sungarden.ee\\\/\"},{\"@type\":\"ListItem\",\"position\":2,\"name\":\"Contact 2\",\"item\":\"https:\\\/\\\/sungarden.ee\\\/contact-2\\\/\"},{\"@type\":\"ListItem\",\"position\":3,\"name\":\"Innovative\"}]},{\"@type\":\"WebSite\",\"@id\":\"https:\\\/\\\/sungarden.ee\\\/#website\",\"url\":\"https:\\\/\\\/sungarden.ee\\\/\",\"name\":\"Sungarden taimekastid\",\"description\":\"Disain ja vastupidavus!\",\"publisher\":{\"@id\":\"https:\\\/\\\/sungarden.ee\\\/#organization\"},\"potentialAction\":[{\"@type\":\"SearchAction\",\"target\":{\"@type\":\"EntryPoint\",\"urlTemplate\":\"https:\\\/\\\/sungarden.ee\\\/?s={search_term_string}\"},\"query-input\":{\"@type\":\"PropertyValueSpecification\",\"valueRequired\":true,\"valueName\":\"search_term_string\"}}],\"inLanguage\":\"en-US\"},{\"@type\":\"Organization\",\"@id\":\"https:\\\/\\\/sungarden.ee\\\/#organization\",\"name\":\"Sungarden taimekastid\",\"url\":\"https:\\\/\\\/sungarden.ee\\\/\",\"logo\":{\"@type\":\"ImageObject\",\"inLanguage\":\"en-US\",\"@id\":\"https:\\\/\\\/sungarden.ee\\\/#\\\/schema\\\/logo\\\/image\\\/\",\"url\":\"https:\\\/\\\/sungarden.ee\\\/wp-content\\\/uploads\\\/2023\\\/05\\\/sungarden@4x.png\",\"contentUrl\":\"https:\\\/\\\/sungarden.ee\\\/wp-content\\\/uploads\\\/2023\\\/05\\\/sungarden@4x.png\",\"width\":2508,\"height\":468,\"caption\":\"Sungarden taimekastid\"},\"image\":{\"@id\":\"https:\\\/\\\/sungarden.ee\\\/#\\\/schema\\\/logo\\\/image\\\/\"},\"sameAs\":[\"https:\\\/\\\/www.facebook.com\\\/profile.php?id=100093259063716\",\"https:\\\/\\\/www.instagram.com\\\/sungardendesign\\\/?hl=en\"]}]}<\/script>\n<!-- \/ Yoast SEO plugin. -->","yoast_head_json":{"title":"Vastupidav taimekast \"Innovative\"","description":"Vastupidav taimekast kaunistab k\u00f5iki elukeskkondi erilisel viisil. Ideaalne taimekast k\u00f5ikv\u00f5imalike dekoratiivtaimede, \u00fcrtide ja lehtk\u00f6\u00f6giviljade kasvatamiseks.","robots":{"index":"index","follow":"follow","max-snippet":"max-snippet:-1","max-image-preview":"max-image-preview:large","max-video-preview":"max-video-preview:-1"},"canonical":"https:\/\/sungarden.ee\/en\/product\/taimekast-innovative\/","og_locale":"en_US","og_type":"article","og_title":"Vastupidav taimekast \"Innovative\"","og_description":"Vastupidav taimekast kaunistab k\u00f5iki elukeskkondi erilisel viisil. Ideaalne taimekast k\u00f5ikv\u00f5imalike dekoratiivtaimede, \u00fcrtide ja lehtk\u00f6\u00f6giviljade kasvatamiseks.","og_url":"https:\/\/sungarden.ee\/en\/product\/taimekast-innovative\/","og_site_name":"Sungarden taimekastid","article_publisher":"https:\/\/www.facebook.com\/profile.php?id=100093259063716","article_modified_time":"2025-03-17T19:30:17+00:00","og_image":[{"width":2560,"height":1440,"url":"https:\/\/sungarden.ee\/wp-content\/uploads\/2023\/05\/Suur-scaled.jpg","type":"image\/jpeg"}],"twitter_card":"summary_large_image","twitter_misc":{"Est. reading time":"1 minute"},"schema":{"@context":"https:\/\/schema.org","@graph":[{"@type":"WebPage","@id":"https:\/\/sungarden.ee\/toode\/taimekast-innovative\/","url":"https:\/\/sungarden.ee\/toode\/taimekast-innovative\/","name":"Vastupidav taimekast \"Innovative\"","isPartOf":{"@id":"https:\/\/sungarden.ee\/#website"},"primaryImageOfPage":{"@id":"https:\/\/sungarden.ee\/toode\/taimekast-innovative\/#primaryimage"},"image":{"@id":"https:\/\/sungarden.ee\/toode\/taimekast-innovative\/#primaryimage"},"thumbnailUrl":"https:\/\/sungarden.ee\/wp-content\/uploads\/2023\/05\/Suur-scaled.jpg","datePublished":"2023-06-04T19:34:13+00:00","dateModified":"2025-03-17T19:30:17+00:00","description":"Vastupidav taimekast kaunistab k\u00f5iki elukeskkondi erilisel viisil. Ideaalne taimekast k\u00f5ikv\u00f5imalike dekoratiivtaimede, \u00fcrtide ja lehtk\u00f6\u00f6giviljade kasvatamiseks.","breadcrumb":{"@id":"https:\/\/sungarden.ee\/toode\/taimekast-innovative\/#breadcrumb"},"inLanguage":"en-US","potentialAction":[{"@type":"ReadAction","target":["https:\/\/sungarden.ee\/toode\/taimekast-innovative\/"]}]},{"@type":"ImageObject","inLanguage":"en-US","@id":"https:\/\/sungarden.ee\/toode\/taimekast-innovative\/#primaryimage","url":"https:\/\/sungarden.ee\/wp-content\/uploads\/2023\/05\/Suur-scaled.jpg","contentUrl":"https:\/\/sungarden.ee\/wp-content\/uploads\/2023\/05\/Suur-scaled.jpg","width":2560,"height":1440},{"@type":"BreadcrumbList","@id":"https:\/\/sungarden.ee\/toode\/taimekast-innovative\/#breadcrumb","itemListElement":[{"@type":"ListItem","position":1,"name":"Home","item":"https:\/\/sungarden.ee\/"},{"@type":"ListItem","position":2,"name":"Contact 2","item":"https:\/\/sungarden.ee\/contact-2\/"},{"@type":"ListItem","position":3,"name":"Innovative"}]},{"@type":"WebSite","@id":"https:\/\/sungarden.ee\/#website","url":"https:\/\/sungarden.ee\/","name":"Sungarden taimekastid","description":"Disain ja vastupidavus!","publisher":{"@id":"https:\/\/sungarden.ee\/#organization"},"potentialAction":[{"@type":"SearchAction","target":{"@type":"EntryPoint","urlTemplate":"https:\/\/sungarden.ee\/?s={search_term_string}"},"query-input":{"@type":"PropertyValueSpecification","valueRequired":true,"valueName":"search_term_string"}}],"inLanguage":"en-US"},{"@type":"Organization","@id":"https:\/\/sungarden.ee\/#organization","name":"Sungarden taimekastid","url":"https:\/\/sungarden.ee\/","logo":{"@type":"ImageObject","inLanguage":"en-US","@id":"https:\/\/sungarden.ee\/#\/schema\/logo\/image\/","url":"https:\/\/sungarden.ee\/wp-content\/uploads\/2023\/05\/sungarden@4x.png","contentUrl":"https:\/\/sungarden.ee\/wp-content\/uploads\/2023\/05\/sungarden@4x.png","width":2508,"height":468,"caption":"Sungarden taimekastid"},"image":{"@id":"https:\/\/sungarden.ee\/#\/schema\/logo\/image\/"},"sameAs":["https:\/\/www.facebook.com\/profile.php?id=100093259063716","https:\/\/www.instagram.com\/sungardendesign\/?hl=en"]}]}},"_links":{"self":[{"href":"https:\/\/sungarden.ee\/en\/wp-json\/wp\/v2\/product\/14726","targetHints":{"allow":["GET"]}}],"collection":[{"href":"https:\/\/sungarden.ee\/en\/wp-json\/wp\/v2\/product"}],"about":[{"href":"https:\/\/sungarden.ee\/en\/wp-json\/wp\/v2\/types\/product"}],"wp:featuredmedia":[{"embeddable":true,"href":"https:\/\/sungarden.ee\/en\/wp-json\/wp\/v2\/media\/14522"}],"wp:attachment":[{"href":"https:\/\/sungarden.ee\/en\/wp-json\/wp\/v2\/media?parent=14726"}],"wp:term":[{"taxonomy":"product_brand","embeddable":true,"href":"https:\/\/sungarden.ee\/en\/wp-json\/wp\/v2\/product_brand?post=14726"},{"taxonomy":"product_cat","embeddable":true,"href":"https:\/\/sungarden.ee\/en\/wp-json\/wp\/v2\/product_cat?post=14726"},{"taxonomy":"product_tag","embeddable":true,"href":"https:\/\/sungarden.ee\/en\/wp-json\/wp\/v2\/product_tag?post=14726"}],"curies":[{"name":"wp","href":"https:\/\/api.w.org\/{rel}","templated":true}]}}