{"id":8160,"date":"2020-03-06T15:42:05","date_gmt":"2020-03-06T15:42:05","guid":{"rendered":"https:\/\/demo.goodlayers.com\/chariti\/demo1\/?page_id=8160"},"modified":"2023-09-27T11:35:44","modified_gmt":"2023-09-27T11:35:44","slug":"andmekaitsetingimused","status":"publish","type":"page","link":"https:\/\/sungarden.ee\/en\/andmekaitsetingimused\/","title":{"rendered":"Data protection conditions"},"content":{"rendered":"<p><strong>Data protection conditions<\/strong><br>Veebipoe www.sungarden.ee isikuandmete vastutav t\u00f6\u00f6tleja on Raudepere O\u00dc (registrikood 14024234) asukohaga P\u00e4rnu maakond, P\u00f5hja-P\u00e4rnumaa vald, M\u00e4ek\u00fcla, M\u00f6ldri 87225 , tel +372 59041785 ja e-post info@sungarden.ee .<br><strong>Milliseid isikuandmeid t\u00f6\u00f6deldakse<\/strong><br>\u2212 nimi, telefoninumber ja e-posti aadress;<br>\u2212 kauba kohaletoimetamise aadress;<br>\u2212 pangakonto number;<br>\u2212 kaupade ja teenuste maksumus ja maksetega seotud andmed (ostuajalugu);<br>\u2212 klienditoe andmed.<br>\u2212 IP aadress<br><strong>Mis eesm\u00e4rgil isikuandmeid t\u00f6\u00f6deldakse<\/strong><br>Isikuandmeid kasutatakse kliendi tellimuste haldamiseks ja kauba kohaletoimetamiseks.<br>Ostuajaloo andmeid (ostu kuup\u00e4ev, kaup, kogus, kliendi andmed) kasutatakse ostetud kaupade ja<br>teenuste \u00fclevaate koostamiseks, kliendieelistuste anal\u00fc\u00fcsimiseks ning mh tarbijavaidluste<br>lahendamise eesm\u00e4rgil.<br>Pangakonto numbrit kasutatakse kliendile maksete tagastamiseks.<br>Isikuandmeid nagu e-post, telefoni nr, kliendi nimi, t\u00f6\u00f6deldakse selleks, et lahendada kaupade ja<br>teenuste osutamise seonduvaid k\u00fcsimusi (klienditugi). E-posti kasutatakse lisaks arvete saatmiseks<br>ning telefoni nr kasutatakse pakiautomaati j\u00f5udnud kauba teavitamiseks.<br>Veebipoe kasutaja IP-aadressi v\u00f5i teisi v\u00f5rguidentifikaatoreid t\u00f6\u00f6deldakse veebipoe kui<br>info\u00fchiskonna teenuse osutamiseks ning veebikasutusstatistika tegemiseks.<br><strong>\u00d5iguslik alus<\/strong><br>Isikuandmete t\u00f6\u00f6tlemine toimub kliendiga s\u00f5lmitud lepingu t\u00e4itmise eesm\u00e4rgil (kliendi tellimuste<br>haldamine, kohaletoimetamine, kauba ja maksete tagastamine).<br>Isikuandmete t\u00f6\u00f6tlemine toimub seadusj\u00e4rgse kohustuse t\u00e4itmiseks (nt raamatupidamine).<br>Isikuandmete t\u00f6\u00f6tlemine on vajalik vastutava t\u00f6\u00f6tleja \u00f5igustatud huvi t\u00f5ttu, mis seisneb v\u00f5imalike<br>tarbijavaidluste lahendamise eesm\u00e4rgil ostuajaloo andmete kogumises.<br><strong>Vastuv\u00f5tjad, kellele isikuandmed edastatakse<\/strong><br>Isikuandmed edastatakse veebipoe klienditoele ostude ja ostuajaloo haldamiseks ja<br>kliendiprobleemide lahendamiseks. (kohaldub ainult siis, kui klienditoe teenust osutab teine ehk<br>e-poe v\u00e4line isik)<br>Nimi, telefoninumber ja e-posti aadress edastatakse kliendi poolt valitud transporditeenuse<br>pakkujale. Kui tegemist on kulleriga kohale toimetatava kaubaga, siis edastatakse lisaks<br>kontaktandmetele ka kliendi aadress.<br>Kui veebipoe raamatupidamine toimub teenusepakkuja poolt, siis edastatakse isikuandmed<br>teenusepakkujale raamatupidamistoimingute tegemiseks.<br>Isikuandmeid v\u00f5idakse edastada infotehnoloogia teenuste pakkujatele, kui see on vajalik veebipoe<br>funktsionaalsuse v\u00f5i andmemajutuse tagamiseks.<br><strong>Turvalisus ja andmetele ligip\u00e4\u00e4s<\/strong><br>Isikuandmeid hoitakse serverites, mis asuvad Euroopa Liidu liikmesriigi v\u00f5i Euroopa Liidu<br>majanduspiirkonnaga liitunud riikide territooriumil. Andmeid v\u00f5idakse edastada riikidesse, mille<br>andmekaitse taset on Euroopa Komisjon hinnanud piisavaks v\u00f5i kolmanda riigi ettev\u00f5ttele, mille<br>osas on kohaldatud isikuandmete kaitse \u00fcldm\u00e4\u00e4ruse artiklis 46 v\u00f5i 47 v\u00f5i 49 l\u00f5ikes 1 nimetatud<br>kaitsemeedet.<br>Juurdep\u00e4\u00e4s isikuandmetele on veebipoe t\u00f6\u00f6tajatel, kes saavad isikuandmetega tutvuda selleks, et<br>lahendada veebipoe kasutamisega seonduvaid tehnilisi k\u00fcsimusi ning osutada klienditoe teenust.<br>Veebipood rakendab asjakohaseid f\u00fc\u00fcsilisi, organisatsioonilisi ja infotehnilisi turvameetmeid, et<br>kaitsta isikuandmeid juhusliku v\u00f5i ebaseadusliku h\u00e4vitamise, kaotsimineku, muutmise v\u00f5i loata<br>juurdep\u00e4\u00e4su ja avalikustamise eest.<br>Isikuandmete edastamine veebipoe volitatud t\u00f6\u00f6tlejatest vastuv\u00f5tjatele (nt transporditeenuse<br>pakkuja ja andmemajutus) toimub veebipoe ja volitatud t\u00f6\u00f6tlejatega s\u00f5lmitud lepingute alusel.<br>Volitatud t\u00f6\u00f6tlejaid on kohustatud tagama isikuandmete t\u00f6\u00f6tlemisel asjakohased kaitsemeetmed<br>koosk\u00f5las isikuandmete kaitse \u00fcldm\u00e4\u00e4ruse artikliga 28.<br><strong>Isikuandmetega tutvumine ja parandamine<\/strong><br>Isikuandmetega saab tutvuda ja teha parandusi veebipoe kasutajaprofiilis v\u00f5i klienditoe<br>vahendusel. Kui ost on sooritatud ilma kasutajakontota, siis saab tutvuda isikuandmetega klinditoe<br>vahendusel. Kui isikuandetega tutvumise taotlus on esitatud elektrooniliselt, esitatakse ka teave<br>\u00fcldkasutatavate elektrooniliste vahendite kaudu.<br><strong>N\u00f5usoleku tagasiv\u00f5tmine<\/strong><br>Kui isikundmete t\u00f6\u00f6tlemine toimub kliendi n\u00f5usoleku alusel, siis on kliendil \u00f5igus n\u00f5usolek tagasi<br>v\u00f5tta kliendikonto seadete all v\u00f5i teavitades sellest kliendituge e-posti teel.<br><strong>S\u00e4ilitamine<\/strong><br>Veebipoe kliendikonto sulgemisel kustutatakse isikuandmed, va isikuandmed (ostuajaloo<br>andmed), mida on vaja s\u00e4ilitada raamatupidamise jaoks v\u00f5i tarbijavaidluste lahendamiseks.<br>Maksetega ja tarbijavaidlustega seotud vaidluste korral s\u00e4ilitatakse isikuandmed kuni n\u00f5ude<br>t\u00e4itmiseni v\u00f5i aegumist\u00e4htaja l\u00f5puni<br>Raamatupidamise algdokumentides sisalduvaid isikuandmeid s\u00e4ilitatakse seitse aastat.<br><strong>Piiramine<\/strong><br>Kliendil on \u00f5igus taotleda oma isikuandmete t\u00f6\u00f6tlemise piiramist, kui andmed on eba\u00f5iged v\u00f5i<br>pole t\u00e4ielikud v\u00f5i kui tema isikuandmeid t\u00f6\u00f6deldakse ebaseaduslikult.<br><strong>Vastuv\u00e4ited<\/strong><br>Kliendil on \u00f5igus esitada vastuv\u00e4iteid seoses tema isikuandmete t\u00f6\u00f6tlemisega, kui tal on alust<br>arvata, et tema isikuandmete t\u00f6\u00f6tlemiseks puudub seaduslik alus.<br><strong>Kustutamine<\/strong><br>Isikuandmete kustutamiseks tuleb v\u00f5tta \u00fchendust klienditoega e-posti teel. Kustutamistaotlusele<br>vastatakse mitte hiljem kui kuu aja jooksul ning t\u00e4psustakse andmete kustutamise perioodi.<br>Vastuses taotlusele tuuakse ka v\u00e4lja need isikuandmed, mida ei kustuta ning millisel \u00f5iguslikul<br>alusel ja p\u00f5hjusel.<br><strong>\u00dclekandmine<\/strong><br>E-posti teel esitatud isikuandmete \u00fclekandmise taotlusele vastatakse hiljemalt kuu aja jooksul.<br>Klienditugi tuvastab isikusamasuse ja teavitab isikuandmetest, mis kuuluvad \u00fclekandmisele.<br><strong>Otseturustusteated<\/strong><br>E-kirja aadressi ja telefoninumbrit kasutatakse otseturundusteadete saatmiseks, kui klient on<br>andnud vastava n\u00f5usoleku. Kui klient ei soovi saada otseturustusteateid, siis tuleb valida e-kirja<br>jaluses vastav viide v\u00f5i v\u00f5tta \u00fchendust klienditoega.<br>Kui isikuandmeid t\u00f6\u00f6deldakse otseturunduse eesm\u00e4rgil (profileerimine), on kliendil \u00f5igus oma<br>isikuandmete nii algse kui ka edasise t\u00f6\u00f6tlemise, sealhulgas otseturundusega seotud<br>profiilianal\u00fc\u00fcsi tegemise suhtes igal ajal vastuv\u00e4iteid esitada teavitades sellest kliendituge e-posti<br>teel (vastav teave tuleb esitada selgelt ja eraldi igasugusest muust teabest).<br>Kui toimub profileerimine, siis tuleb esitada teave kasutatava loogika ja selle kohta, millised on<br>sellise isikuandmete t\u00f6\u00f6tlemise t\u00e4htsus ja prognoositavad tagaj\u00e4rjed f\u00fc\u00fcsilise isiku jaoks (vt<br>\u00fcldm\u00e4\u00e4rus artikkel 13 lg 2 punkt f, artikkel 14 lg 2 punkt g ja \u00fcldm\u00e4\u00e4rus p\u00f5hjenduspunkti 60).<br><strong>Vaidluste lahendamine<\/strong><br>Isikuandmete t\u00f6\u00f6tlemisega seotud vaidluste lahendamine toimub klienditoe vahendusel. J\u00e4relevalveasutus on Eesti Andmekaitse Inspektsioon (info@aki.ee).<\/p>","protected":false},"excerpt":{"rendered":"<p>AndmekaitsetingimusedVeebipoe www.sungarden.ee isikuandmete vastutav t\u00f6\u00f6tleja on Raudepere O\u00dc (registrikood 14024234) asukohaga P\u00e4rnu maakond, P\u00f5hja-P\u00e4rnumaa vald, M\u00e4ek\u00fcla, M\u00f6ldri 87225 , tel +372 59041785 ja e-post info@sungarden.ee .Milliseid isikuandmeid t\u00f6\u00f6deldakse\u2212 nimi, telefoninumber ja e-posti aadress;\u2212 kauba kohaletoimetamise aadress;\u2212 pangakonto number;\u2212 kaupade ja teenuste maksumus ja maksetega seotud andmed (ostuajalugu);\u2212 klienditoe andmed.\u2212 IP aadressMis eesm\u00e4rgil isikuandmeid t\u00f6\u00f6deldakseIsikuandmeid kasutatakse [&hellip;]<\/p>\n","protected":false},"author":1,"featured_media":0,"parent":0,"menu_order":0,"comment_status":"closed","ping_status":"closed","template":"","meta":{"footnotes":""},"class_list":["post-8160","page","type-page","status-publish","hentry"],"yoast_head":"<!-- This site is optimized with the Yoast SEO plugin v27.3 - https:\/\/yoast.com\/product\/yoast-seo-wordpress\/ -->\n<title>Andmekaitsetingimused - Sungarden taimekastid<\/title>\n<meta name=\"robots\" content=\"index, follow, max-snippet:-1, max-image-preview:large, max-video-preview:-1\" \/>\n<link rel=\"canonical\" href=\"https:\/\/sungarden.ee\/en\/andmekaitsetingimused\/\" \/>\n<meta property=\"og:locale\" content=\"en_US\" \/>\n<meta property=\"og:type\" content=\"article\" \/>\n<meta property=\"og:title\" content=\"Andmekaitsetingimused - Sungarden taimekastid\" \/>\n<meta property=\"og:description\" content=\"AndmekaitsetingimusedVeebipoe www.sungarden.ee isikuandmete vastutav t\u00f6\u00f6tleja on Raudepere O\u00dc (registrikood 14024234) asukohaga P\u00e4rnu maakond, P\u00f5hja-P\u00e4rnumaa vald, M\u00e4ek\u00fcla, M\u00f6ldri 87225 , tel +372 59041785 ja e-post info@sungarden.ee .Milliseid isikuandmeid t\u00f6\u00f6deldakse\u2212 nimi, telefoninumber ja e-posti aadress;\u2212 kauba kohaletoimetamise aadress;\u2212 pangakonto number;\u2212 kaupade ja teenuste maksumus ja maksetega seotud andmed (ostuajalugu);\u2212 klienditoe andmed.\u2212 IP aadressMis eesm\u00e4rgil isikuandmeid t\u00f6\u00f6deldakseIsikuandmeid kasutatakse [&hellip;]\" \/>\n<meta property=\"og:url\" content=\"https:\/\/sungarden.ee\/en\/andmekaitsetingimused\/\" \/>\n<meta property=\"og:site_name\" content=\"Sungarden taimekastid\" \/>\n<meta property=\"article:publisher\" content=\"https:\/\/www.facebook.com\/profile.php?id=100093259063716\" \/>\n<meta property=\"article:modified_time\" content=\"2023-09-27T11:35:44+00:00\" \/>\n<meta name=\"twitter:card\" content=\"summary_large_image\" \/>\n<meta name=\"twitter:label1\" content=\"Est. reading time\" \/>\n\t<meta name=\"twitter:data1\" content=\"4 minutes\" \/>\n<script type=\"application\/ld+json\" class=\"yoast-schema-graph\">{\"@context\":\"https:\\\/\\\/schema.org\",\"@graph\":[{\"@type\":\"WebPage\",\"@id\":\"https:\\\/\\\/sungarden.ee\\\/andmekaitsetingimused\\\/\",\"url\":\"https:\\\/\\\/sungarden.ee\\\/andmekaitsetingimused\\\/\",\"name\":\"Andmekaitsetingimused - Sungarden taimekastid\",\"isPartOf\":{\"@id\":\"https:\\\/\\\/sungarden.ee\\\/#website\"},\"datePublished\":\"2020-03-06T15:42:05+00:00\",\"dateModified\":\"2023-09-27T11:35:44+00:00\",\"breadcrumb\":{\"@id\":\"https:\\\/\\\/sungarden.ee\\\/andmekaitsetingimused\\\/#breadcrumb\"},\"inLanguage\":\"en-US\",\"potentialAction\":[{\"@type\":\"ReadAction\",\"target\":[\"https:\\\/\\\/sungarden.ee\\\/andmekaitsetingimused\\\/\"]}]},{\"@type\":\"BreadcrumbList\",\"@id\":\"https:\\\/\\\/sungarden.ee\\\/andmekaitsetingimused\\\/#breadcrumb\",\"itemListElement\":[{\"@type\":\"ListItem\",\"position\":1,\"name\":\"Home\",\"item\":\"https:\\\/\\\/sungarden.ee\\\/\"},{\"@type\":\"ListItem\",\"position\":2,\"name\":\"Andmekaitsetingimused\"}]},{\"@type\":\"WebSite\",\"@id\":\"https:\\\/\\\/sungarden.ee\\\/#website\",\"url\":\"https:\\\/\\\/sungarden.ee\\\/\",\"name\":\"Sungarden taimekastid\",\"description\":\"Disain ja vastupidavus!\",\"publisher\":{\"@id\":\"https:\\\/\\\/sungarden.ee\\\/#organization\"},\"potentialAction\":[{\"@type\":\"SearchAction\",\"target\":{\"@type\":\"EntryPoint\",\"urlTemplate\":\"https:\\\/\\\/sungarden.ee\\\/?s={search_term_string}\"},\"query-input\":{\"@type\":\"PropertyValueSpecification\",\"valueRequired\":true,\"valueName\":\"search_term_string\"}}],\"inLanguage\":\"en-US\"},{\"@type\":\"Organization\",\"@id\":\"https:\\\/\\\/sungarden.ee\\\/#organization\",\"name\":\"Sungarden taimekastid\",\"url\":\"https:\\\/\\\/sungarden.ee\\\/\",\"logo\":{\"@type\":\"ImageObject\",\"inLanguage\":\"en-US\",\"@id\":\"https:\\\/\\\/sungarden.ee\\\/#\\\/schema\\\/logo\\\/image\\\/\",\"url\":\"https:\\\/\\\/sungarden.ee\\\/wp-content\\\/uploads\\\/2023\\\/05\\\/sungarden@4x.png\",\"contentUrl\":\"https:\\\/\\\/sungarden.ee\\\/wp-content\\\/uploads\\\/2023\\\/05\\\/sungarden@4x.png\",\"width\":2508,\"height\":468,\"caption\":\"Sungarden taimekastid\"},\"image\":{\"@id\":\"https:\\\/\\\/sungarden.ee\\\/#\\\/schema\\\/logo\\\/image\\\/\"},\"sameAs\":[\"https:\\\/\\\/www.facebook.com\\\/profile.php?id=100093259063716\",\"https:\\\/\\\/www.instagram.com\\\/sungardendesign\\\/?hl=en\"]}]}<\/script>\n<!-- \/ Yoast SEO plugin. -->","yoast_head_json":{"title":"Andmekaitsetingimused - Sungarden taimekastid","robots":{"index":"index","follow":"follow","max-snippet":"max-snippet:-1","max-image-preview":"max-image-preview:large","max-video-preview":"max-video-preview:-1"},"canonical":"https:\/\/sungarden.ee\/en\/andmekaitsetingimused\/","og_locale":"en_US","og_type":"article","og_title":"Andmekaitsetingimused - Sungarden taimekastid","og_description":"AndmekaitsetingimusedVeebipoe www.sungarden.ee isikuandmete vastutav t\u00f6\u00f6tleja on Raudepere O\u00dc (registrikood 14024234) asukohaga P\u00e4rnu maakond, P\u00f5hja-P\u00e4rnumaa vald, M\u00e4ek\u00fcla, M\u00f6ldri 87225 , tel +372 59041785 ja e-post info@sungarden.ee .Milliseid isikuandmeid t\u00f6\u00f6deldakse\u2212 nimi, telefoninumber ja e-posti aadress;\u2212 kauba kohaletoimetamise aadress;\u2212 pangakonto number;\u2212 kaupade ja teenuste maksumus ja maksetega seotud andmed (ostuajalugu);\u2212 klienditoe andmed.\u2212 IP aadressMis eesm\u00e4rgil isikuandmeid t\u00f6\u00f6deldakseIsikuandmeid kasutatakse [&hellip;]","og_url":"https:\/\/sungarden.ee\/en\/andmekaitsetingimused\/","og_site_name":"Sungarden taimekastid","article_publisher":"https:\/\/www.facebook.com\/profile.php?id=100093259063716","article_modified_time":"2023-09-27T11:35:44+00:00","twitter_card":"summary_large_image","twitter_misc":{"Est. reading time":"4 minutes"},"schema":{"@context":"https:\/\/schema.org","@graph":[{"@type":"WebPage","@id":"https:\/\/sungarden.ee\/andmekaitsetingimused\/","url":"https:\/\/sungarden.ee\/andmekaitsetingimused\/","name":"Andmekaitsetingimused - Sungarden taimekastid","isPartOf":{"@id":"https:\/\/sungarden.ee\/#website"},"datePublished":"2020-03-06T15:42:05+00:00","dateModified":"2023-09-27T11:35:44+00:00","breadcrumb":{"@id":"https:\/\/sungarden.ee\/andmekaitsetingimused\/#breadcrumb"},"inLanguage":"en-US","potentialAction":[{"@type":"ReadAction","target":["https:\/\/sungarden.ee\/andmekaitsetingimused\/"]}]},{"@type":"BreadcrumbList","@id":"https:\/\/sungarden.ee\/andmekaitsetingimused\/#breadcrumb","itemListElement":[{"@type":"ListItem","position":1,"name":"Home","item":"https:\/\/sungarden.ee\/"},{"@type":"ListItem","position":2,"name":"Andmekaitsetingimused"}]},{"@type":"WebSite","@id":"https:\/\/sungarden.ee\/#website","url":"https:\/\/sungarden.ee\/","name":"Sungarden taimekastid","description":"Disain ja vastupidavus!","publisher":{"@id":"https:\/\/sungarden.ee\/#organization"},"potentialAction":[{"@type":"SearchAction","target":{"@type":"EntryPoint","urlTemplate":"https:\/\/sungarden.ee\/?s={search_term_string}"},"query-input":{"@type":"PropertyValueSpecification","valueRequired":true,"valueName":"search_term_string"}}],"inLanguage":"en-US"},{"@type":"Organization","@id":"https:\/\/sungarden.ee\/#organization","name":"Sungarden taimekastid","url":"https:\/\/sungarden.ee\/","logo":{"@type":"ImageObject","inLanguage":"en-US","@id":"https:\/\/sungarden.ee\/#\/schema\/logo\/image\/","url":"https:\/\/sungarden.ee\/wp-content\/uploads\/2023\/05\/sungarden@4x.png","contentUrl":"https:\/\/sungarden.ee\/wp-content\/uploads\/2023\/05\/sungarden@4x.png","width":2508,"height":468,"caption":"Sungarden taimekastid"},"image":{"@id":"https:\/\/sungarden.ee\/#\/schema\/logo\/image\/"},"sameAs":["https:\/\/www.facebook.com\/profile.php?id=100093259063716","https:\/\/www.instagram.com\/sungardendesign\/?hl=en"]}]}},"_links":{"self":[{"href":"https:\/\/sungarden.ee\/en\/wp-json\/wp\/v2\/pages\/8160","targetHints":{"allow":["GET"]}}],"collection":[{"href":"https:\/\/sungarden.ee\/en\/wp-json\/wp\/v2\/pages"}],"about":[{"href":"https:\/\/sungarden.ee\/en\/wp-json\/wp\/v2\/types\/page"}],"author":[{"embeddable":true,"href":"https:\/\/sungarden.ee\/en\/wp-json\/wp\/v2\/users\/1"}],"replies":[{"embeddable":true,"href":"https:\/\/sungarden.ee\/en\/wp-json\/wp\/v2\/comments?post=8160"}],"version-history":[{"count":4,"href":"https:\/\/sungarden.ee\/en\/wp-json\/wp\/v2\/pages\/8160\/revisions"}],"predecessor-version":[{"id":14825,"href":"https:\/\/sungarden.ee\/en\/wp-json\/wp\/v2\/pages\/8160\/revisions\/14825"}],"wp:attachment":[{"href":"https:\/\/sungarden.ee\/en\/wp-json\/wp\/v2\/media?parent=8160"}],"curies":[{"name":"wp","href":"https:\/\/api.w.org\/{rel}","templated":true}]}}