{"id":14576,"date":"2023-05-20T18:24:50","date_gmt":"2023-05-20T18:24:50","guid":{"rendered":"https:\/\/sungarden.ee\/?page_id=14576"},"modified":"2023-09-27T10:47:14","modified_gmt":"2023-09-27T10:47:14","slug":"muugitingimused","status":"publish","type":"page","link":"https:\/\/sungarden.ee\/en\/muugitingimused\/","title":{"rendered":"Terms of sale"},"content":{"rendered":"\n<p>Veebipoe Sungarden.ee (edaspidi Veebipood) omanik on Raudepere O\u00dc<em> (registrikood<\/em> 14024234),<br>asukohaga P\u00e4rnu maakond, P\u00f5hja-P\u00e4rnumaa vald, M\u00e4ek\u00fcla, M\u00f6ldri 87225 .<\/p>\n\n\n\n<p class=\"has-medium-font-size\"><br><strong>M\u00fc\u00fcgilepingu kehtivus, kauba- ja hinnainfo.<\/strong><br>M\u00fc\u00fcgitingimused kehtivad Veebipoest kaupade ostmisel.<br>Veebipoes m\u00fc\u00fcdavate toodete hinnad on m\u00e4rgitud toodete juurde. Hinnale lisandub tasu<br>kauba k\u00e4ttetoimetamise eest.<br>Kauba k\u00e4ttetoimetamise tasu s\u00f5ltub ostja asukohast ning k\u00e4ttetoimetamise viisist.<br>K\u00e4ttetoimetamise tasu kuvatakse ostjale tellimuse vormistamisel.<br>Teave kauba kohta on esitatud Veebipoes vahetult kauba juures.<br><strong>Tellimuse vormistamine<\/strong><br>Kauba tellimiseks tuleb lisada soovitud tooted ostukorvi. Tellimuse vormistamiseks tuleb t\u00e4ita<br>n\u00f5utud andmev\u00e4ljad ning valida sobiv toodete kohaletoimetamise viis. Seej\u00e4rel kuvatakse<br>ekraanile tasu suurus, mille saab tasuda pangalingi kaudu v\u00f5i muu makselahenduse abil.<br>Leping j\u00f5ustub alates tasumisele kuuluva summa laekumisest Veebipoe arvelduskontole.<br>Kui tellitud kaupa ei ole v\u00f5imalik tarnida seoses kauba l\u00f5ppemisega v\u00f5i muul p\u00f5hjusel,<br>teavitatakse sellest ostjat esimesel v\u00f5imalusel ning tagastatakse tasutud raha (sh kauba<br>k\u00e4ttetoimetamise kulud) \u00fcldjuhul 1-2 t\u00f6\u00f6p\u00e4eva jooksul. S\u00f5ltuvalt makseviisist v\u00f5ib laekumine<br>aega v\u00f5tta kuni 7 t\u00f6\u00f6p\u00e4eva.<br><strong>Kohaletoimetamine<\/strong><br>Kaupu saadetakse j\u00e4rgmistesse riikidesse: Eesti.<br>Kauba saatmiskulud kannab ostja ning vastav hinnainfo on kuvatud saatmisviisi juures.<br>Eestisisesed saadetised j\u00f5uavad \u00fcldjuhul ostja m\u00e4\u00e4ratud sihtpunkti 6 n\u00e4dala jooksul alates<br>m\u00fc\u00fcgilepingu j\u00f5ustumist. V\u00e4ljaspool Eestit toimub kohaletoimetamine eelnevalt kokkulepitud aja jooksul.<br>Kui Veebipood on veebilehel v\u00f5i tellimuse kinnituses teavitanud ostjat tarneprobleemidest ja 30 kalendrip\u00e4eva \u00fcletavast t\u00e4htajast, kohaldub Veebipoe poolt avaldatud t\u00e4htaeg.<br><strong>Taganemis\u00f5igus<\/strong><br>P\u00e4rast tellimuse k\u00e4ttesaamist on ostjal \u00f5igus e-poes s\u00f5lmitud lepingust taganeda 14 p\u00e4eva jooksul<br>[olenevalt toodetest ei pruugi ostjal taganemise \u00f5igust olla, vastavad tooted ja teenused tuleb<br>sellisel juhul loetleda ning need peavad vastama v\u00f5la\u00f5igusseaduse \u00a7 53 lg-s 4 loetletud<br>tingimustele].<br>Taganemis\u00f5igus ei kohaldu, kui ostjaks on juriidiline isik.<br>14-p\u00e4evase tagastamis\u00f5iguse kasutamiseks ei tohi tellitud kaupa kasutada muul viisil kui on vajalik kauba olemuses, omadustes ja toimimises veendumiseks viisil nagu see on lubatud kauba testimiseks f\u00fc\u00fcsilises poes.<br>Kui kaupa on kasutatud muuks otstarbeks kui on vajalik kauba olemuses, omadustes ja toimimises veendumiseks v\u00f5i sellel on kasutamise v\u00f5i kulumise m\u00e4rke, on Veebipoel \u00f5igus alandada tagastatavat tasu vastavalt kauba v\u00e4\u00e4rtuse v\u00e4henemisele.<br>Kauba tagastamiseks tuleb esitada kauba ostmisest taganemise avaldus, mille vormi leiab siit:<br>taganemisavaldus ning saata see e-posti aadressile hiljemalt 14 p\u00e4eva jooksul kauba<br>k\u00e4ttesaamisest.<br>Kauba tagastamise kulud kannab ostja, v\u00e4lja arvatud juhul, kui tagastamise p\u00f5hjus seisneb<br>asjaolus, et tagastamisele kuuluv asi ei vasta tellitule (nt vale v\u00f5i defektiga asi).<br>Ostja peab kauba tagastama avalduse esitamisele j\u00e4rgneva 14 p\u00e4eva jooksul v\u00f5i esitama t\u00f5endi, et ta on eelnimetatud perioodi jooksul kauba \u00fcle andnud kauba vedajale.<br>Veebipood tagastab tagastatava kauba k\u00e4ttesaamisel ostjale viivitamata, kuid mitte hiljem kui 14 p\u00e4eva m\u00f6\u00f6dumisel arvates taganemisavalduse saamisest, k\u00f5ik ostjalt lepingu alusel saadud tasud.<br>Veebipood v\u00f5ib keelduda tagasimaksete tegemisest seni, kuni on lepingu esemeks oleva asja tagasi saanud v\u00f5i kuni ostja on esitanud t\u00f5endid, et on asja tagasi saatnud, s\u00f5ltuvalt sellest, kumb toimub varem.<br>Kui ostja on s\u00f5naselgelt valinud Veebipoe pakutud k\u00f5ige odavamast tavap\u00e4rasest asja<br>k\u00e4ttetoimetamise viisist erineva k\u00e4ttetoimetamise viisi, ei pea Veebipood tarbijale tagastama kulu, mis \u00fcletab tavap\u00e4rase k\u00e4ttetoimetamise viisiga seotud kulu.<br>Veebipoel on \u00f5igus taganeda m\u00fc\u00fcgitehingust ning n\u00f5uda ostjalt tagasi kaup, kui kauba hind<br>veebipoes on eksituse t\u00f5ttu m\u00e4rgitud oluliselt alla kauba turuhinna.<br><strong>Pretensiooni esitamise \u00f5igus<\/strong><br>Veebipood vastutab ostjale m\u00fc\u00fcdud kauba lepingutingimustele mittevastavuse v\u00f5i puuduse eest, mis oli olemas juba asja \u00fcleandmise hetkel ning mis ilmneb kuni kahe aasta jooksul, alates kauba \u00fcleandmisest ostjale. Sellest esimese aasta jooksul asja \u00fcleandmisest ostjale eeldatakse, et puudus oli olemas juba asja \u00fcleandmise ajal. Vastava eelduse \u00fcmberl\u00fckkamine on Veebipoe<br>kohustus.<br>Ostjal on \u00f5igus puuduse ilmnemisel p\u00f6\u00f6rduda hiljemalt kahe kuu jooksul veebipoe poole, saates e kirja aadressile <em>info@sungarden.ee v\u00f5i helistada telefonil:<\/em> 59041785.<br>Veebipood ei vastuta puuduste eest, mis on tekkinud p\u00e4rast kauba \u00fcleandmist tarbija tegevuse v\u00f5i tegevusetuse t\u00f5ttu (vale kasutusviis, \u00f5nnetusjuhtum vms) v\u00f5i kui tegemist on asja tavap\u00e4rasest kasutamisest tingitud normaalse kulumisega.<br>Kui Veebipoest ostetud kaubal on puudused, mille eest Veebipood vastutab, parandab v\u00f5i asendab Veebipood puudusega kauba. Kui kaupa ei ole v\u00f5imalik parandada ega asendada, tagastab Veebipood ostjale k\u00f5ik m\u00fc\u00fcgilepinguga kaasnenud tasud.<br>Veebipood vastab tarbija esitatud kaebusele kirjalikult v\u00f5i kirjalikku taasesitamist v\u00f5imaldavas<br>vormis 15 p\u00e4eva jooksul.<br><strong>Vaidluste lahendamine<\/strong><br>Kui ostjal on Veebipoe osas pretensioone, tuleb need saata e-kirja aadressile info@sungarden.ee v\u00f5i helistada telefonil: 59041785.<br>Kui ostja ja Veebipood ei suuda lahenda vaidlust kokkuleppe teel, siis on ostjal v\u00f5imalik p\u00f6\u00f6rduda Tarbijavaidluste komisjoni poole. Menetlustingimustega saab tutvuda ning avaldust esitada siin.<br>Tarbijavaidluste komisjoni p\u00e4devuses on lahendada ostja ja Veebipoe vahel s\u00f5lmitud lepingust<br>tulenevaid vaidlusi. Ostja kaebuse l\u00e4bivaatamine komisjonis on tasuta.<br>Ostja v\u00f5ib p\u00f6\u00f6rduda Euroopa Liidu tarbijavaidlusi lahendava platvormi poole.<\/p>\n","protected":false},"excerpt":{"rendered":"<p>Veebipoe Sungarden.ee (edaspidi Veebipood) omanik on Raudepere O\u00dc (registrikood 14024234),asukohaga P\u00e4rnu maakond, P\u00f5hja-P\u00e4rnumaa vald, M\u00e4ek\u00fcla, M\u00f6ldri 87225 . M\u00fc\u00fcgilepingu kehtivus, kauba- ja hinnainfo.M\u00fc\u00fcgitingimused kehtivad Veebipoest kaupade ostmisel.Veebipoes m\u00fc\u00fcdavate toodete hinnad on m\u00e4rgitud toodete juurde. Hinnale lisandub tasukauba k\u00e4ttetoimetamise eest.Kauba k\u00e4ttetoimetamise tasu s\u00f5ltub ostja asukohast ning k\u00e4ttetoimetamise viisist.K\u00e4ttetoimetamise tasu kuvatakse ostjale tellimuse vormistamisel.Teave kauba kohta on [&hellip;]<\/p>\n","protected":false},"author":1,"featured_media":0,"parent":0,"menu_order":0,"comment_status":"closed","ping_status":"closed","template":"","meta":{"footnotes":""},"class_list":["post-14576","page","type-page","status-publish","hentry"],"yoast_head":"<!-- This site is optimized with the Yoast SEO plugin v27.3 - https:\/\/yoast.com\/product\/yoast-seo-wordpress\/ -->\n<title>M\u00fc\u00fcgitingimused - Sungarden taimekastid<\/title>\n<meta name=\"robots\" content=\"index, follow, max-snippet:-1, max-image-preview:large, max-video-preview:-1\" \/>\n<link rel=\"canonical\" href=\"https:\/\/sungarden.ee\/en\/muugitingimused\/\" \/>\n<meta property=\"og:locale\" content=\"en_US\" \/>\n<meta property=\"og:type\" content=\"article\" \/>\n<meta property=\"og:title\" content=\"M\u00fc\u00fcgitingimused - Sungarden taimekastid\" \/>\n<meta property=\"og:description\" content=\"Veebipoe Sungarden.ee (edaspidi Veebipood) omanik on Raudepere O\u00dc (registrikood 14024234),asukohaga P\u00e4rnu maakond, P\u00f5hja-P\u00e4rnumaa vald, M\u00e4ek\u00fcla, M\u00f6ldri 87225 . M\u00fc\u00fcgilepingu kehtivus, kauba- ja hinnainfo.M\u00fc\u00fcgitingimused kehtivad Veebipoest kaupade ostmisel.Veebipoes m\u00fc\u00fcdavate toodete hinnad on m\u00e4rgitud toodete juurde. Hinnale lisandub tasukauba k\u00e4ttetoimetamise eest.Kauba k\u00e4ttetoimetamise tasu s\u00f5ltub ostja asukohast ning k\u00e4ttetoimetamise viisist.K\u00e4ttetoimetamise tasu kuvatakse ostjale tellimuse vormistamisel.Teave kauba kohta on [&hellip;]\" \/>\n<meta property=\"og:url\" content=\"https:\/\/sungarden.ee\/en\/muugitingimused\/\" \/>\n<meta property=\"og:site_name\" content=\"Sungarden taimekastid\" \/>\n<meta property=\"article:publisher\" content=\"https:\/\/www.facebook.com\/profile.php?id=100093259063716\" \/>\n<meta property=\"article:modified_time\" content=\"2023-09-27T10:47:14+00:00\" \/>\n<meta name=\"twitter:card\" content=\"summary_large_image\" \/>\n<meta name=\"twitter:label1\" content=\"Est. reading time\" \/>\n\t<meta name=\"twitter:data1\" content=\"4 minutes\" \/>\n<script type=\"application\/ld+json\" class=\"yoast-schema-graph\">{\"@context\":\"https:\\\/\\\/schema.org\",\"@graph\":[{\"@type\":\"WebPage\",\"@id\":\"https:\\\/\\\/sungarden.ee\\\/muugitingimused\\\/\",\"url\":\"https:\\\/\\\/sungarden.ee\\\/muugitingimused\\\/\",\"name\":\"M\u00fc\u00fcgitingimused - Sungarden taimekastid\",\"isPartOf\":{\"@id\":\"https:\\\/\\\/sungarden.ee\\\/#website\"},\"datePublished\":\"2023-05-20T18:24:50+00:00\",\"dateModified\":\"2023-09-27T10:47:14+00:00\",\"breadcrumb\":{\"@id\":\"https:\\\/\\\/sungarden.ee\\\/muugitingimused\\\/#breadcrumb\"},\"inLanguage\":\"en-US\",\"potentialAction\":[{\"@type\":\"ReadAction\",\"target\":[\"https:\\\/\\\/sungarden.ee\\\/muugitingimused\\\/\"]}]},{\"@type\":\"BreadcrumbList\",\"@id\":\"https:\\\/\\\/sungarden.ee\\\/muugitingimused\\\/#breadcrumb\",\"itemListElement\":[{\"@type\":\"ListItem\",\"position\":1,\"name\":\"Home\",\"item\":\"https:\\\/\\\/sungarden.ee\\\/\"},{\"@type\":\"ListItem\",\"position\":2,\"name\":\"M\u00fc\u00fcgitingimused\"}]},{\"@type\":\"WebSite\",\"@id\":\"https:\\\/\\\/sungarden.ee\\\/#website\",\"url\":\"https:\\\/\\\/sungarden.ee\\\/\",\"name\":\"Sungarden taimekastid\",\"description\":\"Disain ja vastupidavus!\",\"publisher\":{\"@id\":\"https:\\\/\\\/sungarden.ee\\\/#organization\"},\"potentialAction\":[{\"@type\":\"SearchAction\",\"target\":{\"@type\":\"EntryPoint\",\"urlTemplate\":\"https:\\\/\\\/sungarden.ee\\\/?s={search_term_string}\"},\"query-input\":{\"@type\":\"PropertyValueSpecification\",\"valueRequired\":true,\"valueName\":\"search_term_string\"}}],\"inLanguage\":\"en-US\"},{\"@type\":\"Organization\",\"@id\":\"https:\\\/\\\/sungarden.ee\\\/#organization\",\"name\":\"Sungarden taimekastid\",\"url\":\"https:\\\/\\\/sungarden.ee\\\/\",\"logo\":{\"@type\":\"ImageObject\",\"inLanguage\":\"en-US\",\"@id\":\"https:\\\/\\\/sungarden.ee\\\/#\\\/schema\\\/logo\\\/image\\\/\",\"url\":\"https:\\\/\\\/sungarden.ee\\\/wp-content\\\/uploads\\\/2023\\\/05\\\/sungarden@4x.png\",\"contentUrl\":\"https:\\\/\\\/sungarden.ee\\\/wp-content\\\/uploads\\\/2023\\\/05\\\/sungarden@4x.png\",\"width\":2508,\"height\":468,\"caption\":\"Sungarden taimekastid\"},\"image\":{\"@id\":\"https:\\\/\\\/sungarden.ee\\\/#\\\/schema\\\/logo\\\/image\\\/\"},\"sameAs\":[\"https:\\\/\\\/www.facebook.com\\\/profile.php?id=100093259063716\",\"https:\\\/\\\/www.instagram.com\\\/sungardendesign\\\/?hl=en\"]}]}<\/script>\n<!-- \/ Yoast SEO plugin. -->","yoast_head_json":{"title":"M\u00fc\u00fcgitingimused - Sungarden taimekastid","robots":{"index":"index","follow":"follow","max-snippet":"max-snippet:-1","max-image-preview":"max-image-preview:large","max-video-preview":"max-video-preview:-1"},"canonical":"https:\/\/sungarden.ee\/en\/muugitingimused\/","og_locale":"en_US","og_type":"article","og_title":"M\u00fc\u00fcgitingimused - Sungarden taimekastid","og_description":"Veebipoe Sungarden.ee (edaspidi Veebipood) omanik on Raudepere O\u00dc (registrikood 14024234),asukohaga P\u00e4rnu maakond, P\u00f5hja-P\u00e4rnumaa vald, M\u00e4ek\u00fcla, M\u00f6ldri 87225 . M\u00fc\u00fcgilepingu kehtivus, kauba- ja hinnainfo.M\u00fc\u00fcgitingimused kehtivad Veebipoest kaupade ostmisel.Veebipoes m\u00fc\u00fcdavate toodete hinnad on m\u00e4rgitud toodete juurde. Hinnale lisandub tasukauba k\u00e4ttetoimetamise eest.Kauba k\u00e4ttetoimetamise tasu s\u00f5ltub ostja asukohast ning k\u00e4ttetoimetamise viisist.K\u00e4ttetoimetamise tasu kuvatakse ostjale tellimuse vormistamisel.Teave kauba kohta on [&hellip;]","og_url":"https:\/\/sungarden.ee\/en\/muugitingimused\/","og_site_name":"Sungarden taimekastid","article_publisher":"https:\/\/www.facebook.com\/profile.php?id=100093259063716","article_modified_time":"2023-09-27T10:47:14+00:00","twitter_card":"summary_large_image","twitter_misc":{"Est. reading time":"4 minutes"},"schema":{"@context":"https:\/\/schema.org","@graph":[{"@type":"WebPage","@id":"https:\/\/sungarden.ee\/muugitingimused\/","url":"https:\/\/sungarden.ee\/muugitingimused\/","name":"M\u00fc\u00fcgitingimused - Sungarden taimekastid","isPartOf":{"@id":"https:\/\/sungarden.ee\/#website"},"datePublished":"2023-05-20T18:24:50+00:00","dateModified":"2023-09-27T10:47:14+00:00","breadcrumb":{"@id":"https:\/\/sungarden.ee\/muugitingimused\/#breadcrumb"},"inLanguage":"en-US","potentialAction":[{"@type":"ReadAction","target":["https:\/\/sungarden.ee\/muugitingimused\/"]}]},{"@type":"BreadcrumbList","@id":"https:\/\/sungarden.ee\/muugitingimused\/#breadcrumb","itemListElement":[{"@type":"ListItem","position":1,"name":"Home","item":"https:\/\/sungarden.ee\/"},{"@type":"ListItem","position":2,"name":"M\u00fc\u00fcgitingimused"}]},{"@type":"WebSite","@id":"https:\/\/sungarden.ee\/#website","url":"https:\/\/sungarden.ee\/","name":"Sungarden taimekastid","description":"Disain ja vastupidavus!","publisher":{"@id":"https:\/\/sungarden.ee\/#organization"},"potentialAction":[{"@type":"SearchAction","target":{"@type":"EntryPoint","urlTemplate":"https:\/\/sungarden.ee\/?s={search_term_string}"},"query-input":{"@type":"PropertyValueSpecification","valueRequired":true,"valueName":"search_term_string"}}],"inLanguage":"en-US"},{"@type":"Organization","@id":"https:\/\/sungarden.ee\/#organization","name":"Sungarden taimekastid","url":"https:\/\/sungarden.ee\/","logo":{"@type":"ImageObject","inLanguage":"en-US","@id":"https:\/\/sungarden.ee\/#\/schema\/logo\/image\/","url":"https:\/\/sungarden.ee\/wp-content\/uploads\/2023\/05\/sungarden@4x.png","contentUrl":"https:\/\/sungarden.ee\/wp-content\/uploads\/2023\/05\/sungarden@4x.png","width":2508,"height":468,"caption":"Sungarden taimekastid"},"image":{"@id":"https:\/\/sungarden.ee\/#\/schema\/logo\/image\/"},"sameAs":["https:\/\/www.facebook.com\/profile.php?id=100093259063716","https:\/\/www.instagram.com\/sungardendesign\/?hl=en"]}]}},"_links":{"self":[{"href":"https:\/\/sungarden.ee\/en\/wp-json\/wp\/v2\/pages\/14576","targetHints":{"allow":["GET"]}}],"collection":[{"href":"https:\/\/sungarden.ee\/en\/wp-json\/wp\/v2\/pages"}],"about":[{"href":"https:\/\/sungarden.ee\/en\/wp-json\/wp\/v2\/types\/page"}],"author":[{"embeddable":true,"href":"https:\/\/sungarden.ee\/en\/wp-json\/wp\/v2\/users\/1"}],"replies":[{"embeddable":true,"href":"https:\/\/sungarden.ee\/en\/wp-json\/wp\/v2\/comments?post=14576"}],"version-history":[{"count":5,"href":"https:\/\/sungarden.ee\/en\/wp-json\/wp\/v2\/pages\/14576\/revisions"}],"predecessor-version":[{"id":14822,"href":"https:\/\/sungarden.ee\/en\/wp-json\/wp\/v2\/pages\/14576\/revisions\/14822"}],"wp:attachment":[{"href":"https:\/\/sungarden.ee\/en\/wp-json\/wp\/v2\/media?parent=14576"}],"curies":[{"name":"wp","href":"https:\/\/api.w.org\/{rel}","templated":true}]}}