{"id":14319,"date":"2021-05-06T15:41:10","date_gmt":"2021-05-06T15:41:10","guid":{"rendered":"https:\/\/demo.goodlayers.com\/arki\/demo1\/?page_id=14319"},"modified":"2024-01-02T17:22:16","modified_gmt":"2024-01-02T17:22:16","slug":"meist","status":"publish","type":"page","link":"https:\/\/sungarden.ee\/en\/meist\/","title":{"rendered":""},"content":{"rendered":"","protected":false},"excerpt":{"rendered":"","protected":false},"author":1,"featured_media":14638,"parent":0,"menu_order":0,"comment_status":"closed","ping_status":"closed","template":"","meta":{"footnotes":""},"class_list":["post-14319","page","type-page","status-publish","has-post-thumbnail","hentry"],"yoast_head":"<!-- This site is optimized with the Yoast SEO plugin v27.3 - https:\/\/yoast.com\/product\/yoast-seo-wordpress\/ -->\n<title>- Sungarden taimekastid<\/title>\n<meta name=\"description\" content=\"Sungarden Design on disaini- ja tootmisettev\u00f5te, mis on spetsialiseerunud v\u00e4lis- ja siseruumidesse m\u00f5eldud taimekastide ja pargipinkide tootmisele. Kombineerides t\u00f6\u00f6stusdisaini, puusepat\u00f6\u00f6 ja ehituse asjatundlikkust on meie kirg h\u00e4sti tehtud ja l\u00e4bim\u00f5eldud disainilahenduste vastu, r\u00f5huasetusega kvaliteedile.\" \/>\n<meta name=\"robots\" content=\"index, follow, max-snippet:-1, max-image-preview:large, max-video-preview:-1\" \/>\n<link rel=\"canonical\" href=\"https:\/\/sungarden.ee\/en\/meist\/\" \/>\n<meta property=\"og:locale\" content=\"en_US\" \/>\n<meta property=\"og:type\" content=\"article\" \/>\n<meta property=\"og:title\" content=\"- Sungarden taimekastid\" \/>\n<meta property=\"og:description\" content=\"Sungarden Design on disaini- ja tootmisettev\u00f5te, mis on spetsialiseerunud v\u00e4lis- ja siseruumidesse m\u00f5eldud taimekastide ja pargipinkide tootmisele. Kombineerides t\u00f6\u00f6stusdisaini, puusepat\u00f6\u00f6 ja ehituse asjatundlikkust on meie kirg h\u00e4sti tehtud ja l\u00e4bim\u00f5eldud disainilahenduste vastu, r\u00f5huasetusega kvaliteedile.\" \/>\n<meta property=\"og:url\" content=\"https:\/\/sungarden.ee\/en\/meist\/\" \/>\n<meta property=\"og:site_name\" content=\"Sungarden taimekastid\" \/>\n<meta property=\"article:publisher\" content=\"https:\/\/www.facebook.com\/profile.php?id=100093259063716\" \/>\n<meta property=\"article:modified_time\" content=\"2024-01-02T17:22:16+00:00\" \/>\n<meta property=\"og:image\" content=\"https:\/\/sungarden.ee\/wp-content\/uploads\/2023\/05\/20230528_171706-scaled.jpg\" \/>\n\t<meta property=\"og:image:width\" content=\"2560\" \/>\n\t<meta property=\"og:image:height\" content=\"1920\" \/>\n\t<meta property=\"og:image:type\" content=\"image\/jpeg\" \/>\n<meta name=\"twitter:card\" content=\"summary_large_image\" \/>\n<meta name=\"twitter:label1\" content=\"Est. reading time\" \/>\n\t<meta name=\"twitter:data1\" content=\"2 minutes\" \/>\n<script type=\"application\/ld+json\" class=\"yoast-schema-graph\">{\"@context\":\"https:\\\/\\\/schema.org\",\"@graph\":[{\"@type\":\"WebPage\",\"@id\":\"https:\\\/\\\/sungarden.ee\\\/meist\\\/\",\"url\":\"https:\\\/\\\/sungarden.ee\\\/meist\\\/\",\"name\":\"- Sungarden taimekastid\",\"isPartOf\":{\"@id\":\"https:\\\/\\\/sungarden.ee\\\/#website\"},\"primaryImageOfPage\":{\"@id\":\"https:\\\/\\\/sungarden.ee\\\/meist\\\/#primaryimage\"},\"image\":{\"@id\":\"https:\\\/\\\/sungarden.ee\\\/meist\\\/#primaryimage\"},\"thumbnailUrl\":\"https:\\\/\\\/sungarden.ee\\\/wp-content\\\/uploads\\\/2023\\\/05\\\/20230528_171706-scaled.jpg\",\"datePublished\":\"2021-05-06T15:41:10+00:00\",\"dateModified\":\"2024-01-02T17:22:16+00:00\",\"description\":\"Sungarden Design on disaini- ja tootmisettev\u00f5te, mis on spetsialiseerunud v\u00e4lis- ja siseruumidesse m\u00f5eldud taimekastide ja pargipinkide tootmisele. Kombineerides t\u00f6\u00f6stusdisaini, puusepat\u00f6\u00f6 ja ehituse asjatundlikkust on meie kirg h\u00e4sti tehtud ja l\u00e4bim\u00f5eldud disainilahenduste vastu, r\u00f5huasetusega kvaliteedile.\",\"inLanguage\":\"en-US\",\"potentialAction\":[{\"@type\":\"ReadAction\",\"target\":[\"https:\\\/\\\/sungarden.ee\\\/meist\\\/\"]}]},{\"@type\":\"ImageObject\",\"inLanguage\":\"en-US\",\"@id\":\"https:\\\/\\\/sungarden.ee\\\/meist\\\/#primaryimage\",\"url\":\"https:\\\/\\\/sungarden.ee\\\/wp-content\\\/uploads\\\/2023\\\/05\\\/20230528_171706-scaled.jpg\",\"contentUrl\":\"https:\\\/\\\/sungarden.ee\\\/wp-content\\\/uploads\\\/2023\\\/05\\\/20230528_171706-scaled.jpg\",\"width\":2560,\"height\":1920,\"caption\":\"Taimekast koduaias\"},{\"@type\":\"WebSite\",\"@id\":\"https:\\\/\\\/sungarden.ee\\\/#website\",\"url\":\"https:\\\/\\\/sungarden.ee\\\/\",\"name\":\"Sungarden taimekastid\",\"description\":\"Disain ja vastupidavus!\",\"publisher\":{\"@id\":\"https:\\\/\\\/sungarden.ee\\\/#organization\"},\"potentialAction\":[{\"@type\":\"SearchAction\",\"target\":{\"@type\":\"EntryPoint\",\"urlTemplate\":\"https:\\\/\\\/sungarden.ee\\\/?s={search_term_string}\"},\"query-input\":{\"@type\":\"PropertyValueSpecification\",\"valueRequired\":true,\"valueName\":\"search_term_string\"}}],\"inLanguage\":\"en-US\"},{\"@type\":\"Organization\",\"@id\":\"https:\\\/\\\/sungarden.ee\\\/#organization\",\"name\":\"Sungarden taimekastid\",\"url\":\"https:\\\/\\\/sungarden.ee\\\/\",\"logo\":{\"@type\":\"ImageObject\",\"inLanguage\":\"en-US\",\"@id\":\"https:\\\/\\\/sungarden.ee\\\/#\\\/schema\\\/logo\\\/image\\\/\",\"url\":\"https:\\\/\\\/sungarden.ee\\\/wp-content\\\/uploads\\\/2023\\\/05\\\/sungarden@4x.png\",\"contentUrl\":\"https:\\\/\\\/sungarden.ee\\\/wp-content\\\/uploads\\\/2023\\\/05\\\/sungarden@4x.png\",\"width\":2508,\"height\":468,\"caption\":\"Sungarden taimekastid\"},\"image\":{\"@id\":\"https:\\\/\\\/sungarden.ee\\\/#\\\/schema\\\/logo\\\/image\\\/\"},\"sameAs\":[\"https:\\\/\\\/www.facebook.com\\\/profile.php?id=100093259063716\",\"https:\\\/\\\/www.instagram.com\\\/sungardendesign\\\/?hl=en\"]}]}<\/script>\n<!-- \/ Yoast SEO plugin. -->","yoast_head_json":{"title":"- Sungarden taimekastid","description":"Sungarden Design on disaini- ja tootmisettev\u00f5te, mis on spetsialiseerunud v\u00e4lis- ja siseruumidesse m\u00f5eldud taimekastide ja pargipinkide tootmisele. Kombineerides t\u00f6\u00f6stusdisaini, puusepat\u00f6\u00f6 ja ehituse asjatundlikkust on meie kirg h\u00e4sti tehtud ja l\u00e4bim\u00f5eldud disainilahenduste vastu, r\u00f5huasetusega kvaliteedile.","robots":{"index":"index","follow":"follow","max-snippet":"max-snippet:-1","max-image-preview":"max-image-preview:large","max-video-preview":"max-video-preview:-1"},"canonical":"https:\/\/sungarden.ee\/en\/meist\/","og_locale":"en_US","og_type":"article","og_title":"- Sungarden taimekastid","og_description":"Sungarden Design on disaini- ja tootmisettev\u00f5te, mis on spetsialiseerunud v\u00e4lis- ja siseruumidesse m\u00f5eldud taimekastide ja pargipinkide tootmisele. Kombineerides t\u00f6\u00f6stusdisaini, puusepat\u00f6\u00f6 ja ehituse asjatundlikkust on meie kirg h\u00e4sti tehtud ja l\u00e4bim\u00f5eldud disainilahenduste vastu, r\u00f5huasetusega kvaliteedile.","og_url":"https:\/\/sungarden.ee\/en\/meist\/","og_site_name":"Sungarden taimekastid","article_publisher":"https:\/\/www.facebook.com\/profile.php?id=100093259063716","article_modified_time":"2024-01-02T17:22:16+00:00","og_image":[{"width":2560,"height":1920,"url":"https:\/\/sungarden.ee\/wp-content\/uploads\/2023\/05\/20230528_171706-scaled.jpg","type":"image\/jpeg"}],"twitter_card":"summary_large_image","twitter_misc":{"Est. reading time":"2 minutes"},"schema":{"@context":"https:\/\/schema.org","@graph":[{"@type":"WebPage","@id":"https:\/\/sungarden.ee\/meist\/","url":"https:\/\/sungarden.ee\/meist\/","name":"- Sungarden taimekastid","isPartOf":{"@id":"https:\/\/sungarden.ee\/#website"},"primaryImageOfPage":{"@id":"https:\/\/sungarden.ee\/meist\/#primaryimage"},"image":{"@id":"https:\/\/sungarden.ee\/meist\/#primaryimage"},"thumbnailUrl":"https:\/\/sungarden.ee\/wp-content\/uploads\/2023\/05\/20230528_171706-scaled.jpg","datePublished":"2021-05-06T15:41:10+00:00","dateModified":"2024-01-02T17:22:16+00:00","description":"Sungarden Design on disaini- ja tootmisettev\u00f5te, mis on spetsialiseerunud v\u00e4lis- ja siseruumidesse m\u00f5eldud taimekastide ja pargipinkide tootmisele. Kombineerides t\u00f6\u00f6stusdisaini, puusepat\u00f6\u00f6 ja ehituse asjatundlikkust on meie kirg h\u00e4sti tehtud ja l\u00e4bim\u00f5eldud disainilahenduste vastu, r\u00f5huasetusega kvaliteedile.","inLanguage":"en-US","potentialAction":[{"@type":"ReadAction","target":["https:\/\/sungarden.ee\/meist\/"]}]},{"@type":"ImageObject","inLanguage":"en-US","@id":"https:\/\/sungarden.ee\/meist\/#primaryimage","url":"https:\/\/sungarden.ee\/wp-content\/uploads\/2023\/05\/20230528_171706-scaled.jpg","contentUrl":"https:\/\/sungarden.ee\/wp-content\/uploads\/2023\/05\/20230528_171706-scaled.jpg","width":2560,"height":1920,"caption":"Taimekast koduaias"},{"@type":"WebSite","@id":"https:\/\/sungarden.ee\/#website","url":"https:\/\/sungarden.ee\/","name":"Sungarden taimekastid","description":"Disain ja vastupidavus!","publisher":{"@id":"https:\/\/sungarden.ee\/#organization"},"potentialAction":[{"@type":"SearchAction","target":{"@type":"EntryPoint","urlTemplate":"https:\/\/sungarden.ee\/?s={search_term_string}"},"query-input":{"@type":"PropertyValueSpecification","valueRequired":true,"valueName":"search_term_string"}}],"inLanguage":"en-US"},{"@type":"Organization","@id":"https:\/\/sungarden.ee\/#organization","name":"Sungarden taimekastid","url":"https:\/\/sungarden.ee\/","logo":{"@type":"ImageObject","inLanguage":"en-US","@id":"https:\/\/sungarden.ee\/#\/schema\/logo\/image\/","url":"https:\/\/sungarden.ee\/wp-content\/uploads\/2023\/05\/sungarden@4x.png","contentUrl":"https:\/\/sungarden.ee\/wp-content\/uploads\/2023\/05\/sungarden@4x.png","width":2508,"height":468,"caption":"Sungarden taimekastid"},"image":{"@id":"https:\/\/sungarden.ee\/#\/schema\/logo\/image\/"},"sameAs":["https:\/\/www.facebook.com\/profile.php?id=100093259063716","https:\/\/www.instagram.com\/sungardendesign\/?hl=en"]}]}},"_links":{"self":[{"href":"https:\/\/sungarden.ee\/en\/wp-json\/wp\/v2\/pages\/14319","targetHints":{"allow":["GET"]}}],"collection":[{"href":"https:\/\/sungarden.ee\/en\/wp-json\/wp\/v2\/pages"}],"about":[{"href":"https:\/\/sungarden.ee\/en\/wp-json\/wp\/v2\/types\/page"}],"author":[{"embeddable":true,"href":"https:\/\/sungarden.ee\/en\/wp-json\/wp\/v2\/users\/1"}],"replies":[{"embeddable":true,"href":"https:\/\/sungarden.ee\/en\/wp-json\/wp\/v2\/comments?post=14319"}],"version-history":[{"count":5,"href":"https:\/\/sungarden.ee\/en\/wp-json\/wp\/v2\/pages\/14319\/revisions"}],"predecessor-version":[{"id":14967,"href":"https:\/\/sungarden.ee\/en\/wp-json\/wp\/v2\/pages\/14319\/revisions\/14967"}],"wp:featuredmedia":[{"embeddable":true,"href":"https:\/\/sungarden.ee\/en\/wp-json\/wp\/v2\/media\/14638"}],"wp:attachment":[{"href":"https:\/\/sungarden.ee\/en\/wp-json\/wp\/v2\/media?parent=14319"}],"curies":[{"name":"wp","href":"https:\/\/api.w.org\/{rel}","templated":true}]}}